{"id":73,"date":"2024-07-24T20:34:14","date_gmt":"2024-07-24T23:34:14","guid":{"rendered":"http:\/\/unimactrans.com\/web\/?page_id=73"},"modified":"2024-08-09T12:27:18","modified_gmt":"2024-08-09T15:27:18","slug":"servicos","status":"publish","type":"page","link":"https:\/\/unimactrans.com\/web\/index.php\/servicos\/","title":{"rendered":"Servicos"},"content":{"rendered":"\t\t<div data-elementor-type=\"wp-page\" data-elementor-id=\"73\" class=\"elementor elementor-73\" data-elementor-post-type=\"page\">\n\t\t\t\t\t\t<section class=\"elementor-section elementor-top-section elementor-element elementor-element-32ba3f62 elementor-section-boxed elementor-section-height-default elementor-section-height-default\" data-id=\"32ba3f62\" data-element_type=\"section\" data-settings=\"{&quot;background_background&quot;:&quot;classic&quot;}\">\n\t\t\t\t\t\t\t<div class=\"elementor-background-overlay\"><\/div>\n\t\t\t\t\t\t\t<div class=\"elementor-container elementor-column-gap-default\">\n\t\t\t\t\t<div class=\"elementor-column elementor-col-100 elementor-top-column elementor-element elementor-element-34fd9e2f\" data-id=\"34fd9e2f\" data-element_type=\"column\">\n\t\t\t<div class=\"elementor-widget-wrap\">\n\t\t\t\t\t\t\t<\/div>\n\t\t<\/div>\n\t\t\t\t\t<\/div>\n\t\t<\/section>\n\t\t\t\t<section class=\"elementor-section elementor-top-section elementor-element elementor-element-29f99ca9 elementor-section-boxed elementor-section-height-default elementor-section-height-default\" data-id=\"29f99ca9\" data-element_type=\"section\">\n\t\t\t\t\t\t<div class=\"elementor-container elementor-column-gap-default\">\n\t\t\t\t\t<div class=\"elementor-column elementor-col-100 elementor-top-column elementor-element elementor-element-470f188a\" data-id=\"470f188a\" data-element_type=\"column\" data-settings=\"{&quot;background_background&quot;:&quot;classic&quot;}\">\n\t\t\t<div class=\"elementor-widget-wrap elementor-element-populated\">\n\t\t\t\t\t\t<div class=\"elementor-element elementor-element-23464336 elementor-widget elementor-widget-heading\" data-id=\"23464336\" data-element_type=\"widget\" data-widget_type=\"heading.default\">\n\t\t\t\t<div class=\"elementor-widget-container\">\n\t\t\t<h1 class=\"elementor-heading-title elementor-size-default\">Nossos Servi\u00e7os<\/h1>\t\t<\/div>\n\t\t\t\t<\/div>\n\t\t\t\t\t<\/div>\n\t\t<\/div>\n\t\t\t\t\t<\/div>\n\t\t<\/section>\n\t\t\t\t<section class=\"elementor-section elementor-top-section elementor-element elementor-element-212e12fe elementor-reverse-mobile elementor-section-boxed elementor-section-height-default elementor-section-height-default\" data-id=\"212e12fe\" data-element_type=\"section\">\n\t\t\t\t\t\t<div class=\"elementor-container elementor-column-gap-wider\">\n\t\t\t\t\t<div class=\"elementor-column elementor-col-33 elementor-top-column elementor-element elementor-element-6c73a79b\" data-id=\"6c73a79b\" data-element_type=\"column\">\n\t\t\t<div class=\"elementor-widget-wrap elementor-element-populated\">\n\t\t\t\t\t\t<div class=\"elementor-element elementor-element-244deb63 elementor-widget__width-initial elementor-widget-mobile__width-inherit elementor-widget elementor-widget-text-editor\" data-id=\"244deb63\" data-element_type=\"widget\" data-widget_type=\"text-editor.default\">\n\t\t\t\t<div class=\"elementor-widget-container\">\n\t\t\t<style>\/*! elementor - v3.23.0 - 23-07-2024 *\/\n.elementor-widget-text-editor.elementor-drop-cap-view-stacked .elementor-drop-cap{background-color:#69727d;color:#fff}.elementor-widget-text-editor.elementor-drop-cap-view-framed .elementor-drop-cap{color:#69727d;border:3px solid;background-color:transparent}.elementor-widget-text-editor:not(.elementor-drop-cap-view-default) .elementor-drop-cap{margin-top:8px}.elementor-widget-text-editor:not(.elementor-drop-cap-view-default) .elementor-drop-cap-letter{width:1em;height:1em}.elementor-widget-text-editor .elementor-drop-cap{float:left;text-align:center;line-height:1;font-size:50px}.elementor-widget-text-editor .elementor-drop-cap-letter{display:inline-block}<\/style>\t\t\t\t<p>Temos como principio fundamental a presta\u00e7\u00e3o de servi\u00e7os de logistica e transportes com a m\u00e1xima seguran\u00e7a e qualidade, desenvolvendo uma postura de comportamento com as suas expectativas atrav\u00e9s da melhoria cont\u00ednua de nossos processos.<\/p><p>Buscamos sempre novos desafios, pois acreditamos que esta \u00e9 a forma mais eficaz de se promover e valorizar o crescimento no nosso potencial humano.<\/p>\t\t\t\t\t\t<\/div>\n\t\t\t\t<\/div>\n\t\t\t\t\t<\/div>\n\t\t<\/div>\n\t\t\t\t<div class=\"elementor-column elementor-col-33 elementor-top-column elementor-element elementor-element-48f8be88 elementor-hidden-desktop elementor-hidden-tablet elementor-hidden-mobile\" data-id=\"48f8be88\" data-element_type=\"column\">\n\t\t\t<div class=\"elementor-widget-wrap elementor-element-populated\">\n\t\t\t\t\t\t<div class=\"elementor-element elementor-element-4be6f04e elementor-hidden-mobile elementor-widget elementor-widget-heading\" data-id=\"4be6f04e\" data-element_type=\"widget\" data-widget_type=\"heading.default\">\n\t\t\t\t<div class=\"elementor-widget-container\">\n\t\t\t<p class=\"elementor-heading-title elementor-size-default\">Endere\u00e7o<\/p>\t\t<\/div>\n\t\t\t\t<\/div>\n\t\t\t\t\t<\/div>\n\t\t<\/div>\n\t\t\t\t<div class=\"elementor-column elementor-col-33 elementor-top-column elementor-element elementor-element-54346ab0 elementor-hidden-mobile elementor-hidden-desktop elementor-hidden-tablet\" data-id=\"54346ab0\" data-element_type=\"column\">\n\t\t\t<div class=\"elementor-widget-wrap\">\n\t\t\t\t\t\t\t<\/div>\n\t\t<\/div>\n\t\t\t\t\t<\/div>\n\t\t<\/section>\n\t\t\t\t<section class=\"elementor-section elementor-top-section elementor-element elementor-element-7452216c elementor-section-boxed elementor-section-height-default elementor-section-height-default\" data-id=\"7452216c\" data-element_type=\"section\">\n\t\t\t\t\t\t<div class=\"elementor-container elementor-column-gap-extended\">\n\t\t\t\t\t<div class=\"elementor-column elementor-col-33 elementor-top-column elementor-element elementor-element-3bcee95b\" data-id=\"3bcee95b\" data-element_type=\"column\">\n\t\t\t<div class=\"elementor-widget-wrap elementor-element-populated\">\n\t\t\t\t\t\t<div class=\"elementor-element elementor-element-c7408e8 elementor-widget elementor-widget-image\" data-id=\"c7408e8\" data-element_type=\"widget\" data-widget_type=\"image.default\">\n\t\t\t\t<div class=\"elementor-widget-container\">\n\t\t\t\t\t\t\t\t\t\t\t\t\t<img fetchpriority=\"high\" decoding=\"async\" width=\"768\" height=\"768\" src=\"https:\/\/unimactrans.com\/web\/wp-content\/uploads\/2024\/08\/2-1-768x768.png\" class=\"attachment-medium_large size-medium_large wp-image-759\" alt=\"\" srcset=\"https:\/\/unimactrans.com\/web\/wp-content\/uploads\/2024\/08\/2-1-768x768.png 768w, https:\/\/unimactrans.com\/web\/wp-content\/uploads\/2024\/08\/2-1-300x300.png 300w, https:\/\/unimactrans.com\/web\/wp-content\/uploads\/2024\/08\/2-1-150x150.png 150w, https:\/\/unimactrans.com\/web\/wp-content\/uploads\/2024\/08\/2-1.png 1024w\" sizes=\"(max-width: 768px) 100vw, 768px\" \/>\t\t\t\t\t\t\t\t\t\t\t\t\t<\/div>\n\t\t\t\t<\/div>\n\t\t\t\t<div class=\"elementor-element elementor-element-62795f5e elementor-widget elementor-widget-heading\" data-id=\"62795f5e\" data-element_type=\"widget\" data-widget_type=\"heading.default\">\n\t\t\t\t<div class=\"elementor-widget-container\">\n\t\t\t<h4 class=\"elementor-heading-title elementor-size-default\"><strong>Log\u00edstica e transporte<\/strong><\/h4>\t\t<\/div>\n\t\t\t\t<\/div>\n\t\t\t\t<div class=\"elementor-element elementor-element-36a2098d elementor-widget elementor-widget-text-editor\" data-id=\"36a2098d\" data-element_type=\"widget\" data-widget_type=\"text-editor.default\">\n\t\t\t\t<div class=\"elementor-widget-container\">\n\t\t\t\t\t\t\t<p>Excel\u00eancia em log\u00edstica e transporte, conectando seu sucesso a cada entrega.<\/p>\t\t\t\t\t\t<\/div>\n\t\t\t\t<\/div>\n\t\t\t\t\t<\/div>\n\t\t<\/div>\n\t\t\t\t<div class=\"elementor-column elementor-col-33 elementor-top-column elementor-element elementor-element-71162df7\" data-id=\"71162df7\" data-element_type=\"column\">\n\t\t\t<div class=\"elementor-widget-wrap elementor-element-populated\">\n\t\t\t\t\t\t<div class=\"elementor-element elementor-element-7f9c8468 elementor-widget elementor-widget-image\" data-id=\"7f9c8468\" data-element_type=\"widget\" data-widget_type=\"image.default\">\n\t\t\t\t<div class=\"elementor-widget-container\">\n\t\t\t\t\t\t\t\t\t\t\t\t\t<img decoding=\"async\" width=\"768\" height=\"768\" src=\"https:\/\/unimactrans.com\/web\/wp-content\/uploads\/2024\/08\/3-1-768x768.png\" class=\"attachment-medium_large size-medium_large wp-image-760\" alt=\"\" srcset=\"https:\/\/unimactrans.com\/web\/wp-content\/uploads\/2024\/08\/3-1-768x768.png 768w, https:\/\/unimactrans.com\/web\/wp-content\/uploads\/2024\/08\/3-1-300x300.png 300w, https:\/\/unimactrans.com\/web\/wp-content\/uploads\/2024\/08\/3-1-150x150.png 150w, https:\/\/unimactrans.com\/web\/wp-content\/uploads\/2024\/08\/3-1.png 1024w\" sizes=\"(max-width: 768px) 100vw, 768px\" \/>\t\t\t\t\t\t\t\t\t\t\t\t\t<\/div>\n\t\t\t\t<\/div>\n\t\t\t\t<div class=\"elementor-element elementor-element-196f7f1d elementor-widget elementor-widget-heading\" data-id=\"196f7f1d\" data-element_type=\"widget\" data-widget_type=\"heading.default\">\n\t\t\t\t<div class=\"elementor-widget-container\">\n\t\t\t<h4 class=\"elementor-heading-title elementor-size-default\"><strong>Transporte rodovi\u00e1rio<\/strong><\/h4>\t\t<\/div>\n\t\t\t\t<\/div>\n\t\t\t\t<div class=\"elementor-element elementor-element-3d0d4231 elementor-widget elementor-widget-text-editor\" data-id=\"3d0d4231\" data-element_type=\"widget\" data-widget_type=\"text-editor.default\">\n\t\t\t\t<div class=\"elementor-widget-container\">\n\t\t\t\t\t\t\t<p>Solu\u00e7\u00f5es em transporte rodovi\u00e1rio, garantindo efici\u00eancia e seguran\u00e7a em cada trajeto, com configura\u00e7\u00f5es de ve\u00edculos para carga geral e container.<\/p>\t\t\t\t\t\t<\/div>\n\t\t\t\t<\/div>\n\t\t\t\t\t<\/div>\n\t\t<\/div>\n\t\t\t\t<div class=\"elementor-column elementor-col-33 elementor-top-column elementor-element elementor-element-9c06cb8\" data-id=\"9c06cb8\" data-element_type=\"column\">\n\t\t\t<div class=\"elementor-widget-wrap elementor-element-populated\">\n\t\t\t\t\t\t<div class=\"elementor-element elementor-element-7a8a479d elementor-widget elementor-widget-image\" data-id=\"7a8a479d\" data-element_type=\"widget\" data-widget_type=\"image.default\">\n\t\t\t\t<div class=\"elementor-widget-container\">\n\t\t\t\t\t\t\t\t\t\t\t\t\t<img decoding=\"async\" width=\"768\" height=\"768\" src=\"https:\/\/unimactrans.com\/web\/wp-content\/uploads\/2024\/08\/4-1-768x768.png\" class=\"attachment-medium_large size-medium_large wp-image-761\" alt=\"\" srcset=\"https:\/\/unimactrans.com\/web\/wp-content\/uploads\/2024\/08\/4-1-768x768.png 768w, https:\/\/unimactrans.com\/web\/wp-content\/uploads\/2024\/08\/4-1-300x300.png 300w, https:\/\/unimactrans.com\/web\/wp-content\/uploads\/2024\/08\/4-1-150x150.png 150w, https:\/\/unimactrans.com\/web\/wp-content\/uploads\/2024\/08\/4-1.png 1024w\" sizes=\"(max-width: 768px) 100vw, 768px\" \/>\t\t\t\t\t\t\t\t\t\t\t\t\t<\/div>\n\t\t\t\t<\/div>\n\t\t\t\t<div class=\"elementor-element elementor-element-25a2c9ae elementor-widget elementor-widget-heading\" data-id=\"25a2c9ae\" data-element_type=\"widget\" data-widget_type=\"heading.default\">\n\t\t\t\t<div class=\"elementor-widget-container\">\n\t\t\t<h4 class=\"elementor-heading-title elementor-size-default\"><strong>Exporta\u00e7\u00e3o e Importa\u00e7\u00e3o<\/strong><\/h4>\t\t<\/div>\n\t\t\t\t<\/div>\n\t\t\t\t<div class=\"elementor-element elementor-element-7213403b elementor-widget elementor-widget-text-editor\" data-id=\"7213403b\" data-element_type=\"widget\" data-widget_type=\"text-editor.default\">\n\t\t\t\t<div class=\"elementor-widget-container\">\n\t\t\t\t\t\t\t<p>Operamos com exporta\u00e7\u00e3o e importa\u00e7\u00e3o atrav\u00e9s dos Portos de Paranagu\u00e1 e Antonina para todo territ\u00f3rio nacional.<\/p>\t\t\t\t\t\t<\/div>\n\t\t\t\t<\/div>\n\t\t\t\t\t<\/div>\n\t\t<\/div>\n\t\t\t\t\t<\/div>\n\t\t<\/section>\n\t\t\t\t<section class=\"elementor-section elementor-top-section elementor-element elementor-element-5f005c7 elementor-section-boxed elementor-section-height-default elementor-section-height-default\" data-id=\"5f005c7\" data-element_type=\"section\">\n\t\t\t\t\t\t<div class=\"elementor-container elementor-column-gap-extended\">\n\t\t\t\t\t<div class=\"elementor-column elementor-col-33 elementor-top-column elementor-element elementor-element-ef2f362\" data-id=\"ef2f362\" data-element_type=\"column\">\n\t\t\t<div class=\"elementor-widget-wrap elementor-element-populated\">\n\t\t\t\t\t\t<div class=\"elementor-element elementor-element-cd6fba9 elementor-widget elementor-widget-image\" data-id=\"cd6fba9\" data-element_type=\"widget\" data-widget_type=\"image.default\">\n\t\t\t\t<div class=\"elementor-widget-container\">\n\t\t\t\t\t\t\t\t\t\t\t\t\t<img loading=\"lazy\" decoding=\"async\" width=\"768\" height=\"768\" src=\"https:\/\/unimactrans.com\/web\/wp-content\/uploads\/2024\/08\/5-1-768x768.png\" class=\"attachment-medium_large size-medium_large wp-image-762\" alt=\"\" srcset=\"https:\/\/unimactrans.com\/web\/wp-content\/uploads\/2024\/08\/5-1-768x768.png 768w, https:\/\/unimactrans.com\/web\/wp-content\/uploads\/2024\/08\/5-1-300x300.png 300w, https:\/\/unimactrans.com\/web\/wp-content\/uploads\/2024\/08\/5-1-150x150.png 150w, https:\/\/unimactrans.com\/web\/wp-content\/uploads\/2024\/08\/5-1.png 1024w\" sizes=\"(max-width: 768px) 100vw, 768px\" \/>\t\t\t\t\t\t\t\t\t\t\t\t\t<\/div>\n\t\t\t\t<\/div>\n\t\t\t\t<div class=\"elementor-element elementor-element-e5ce422 elementor-widget elementor-widget-heading\" data-id=\"e5ce422\" data-element_type=\"widget\" data-widget_type=\"heading.default\">\n\t\t\t\t<div class=\"elementor-widget-container\">\n\t\t\t<h4 class=\"elementor-heading-title elementor-size-default\"><strong>Agenciamento de cargas<\/strong><\/h4>\t\t<\/div>\n\t\t\t\t<\/div>\n\t\t\t\t<div class=\"elementor-element elementor-element-b52046c elementor-widget elementor-widget-text-editor\" data-id=\"b52046c\" data-element_type=\"widget\" data-widget_type=\"text-editor.default\">\n\t\t\t\t<div class=\"elementor-widget-container\">\n\t\t\t\t\t\t\t<p>Experi\u00eancia e comprometimento no agenciamento de cargas para um transporte eficiente e seguro.<\/p>\t\t\t\t\t\t<\/div>\n\t\t\t\t<\/div>\n\t\t\t\t\t<\/div>\n\t\t<\/div>\n\t\t\t\t<div class=\"elementor-column elementor-col-33 elementor-top-column elementor-element elementor-element-a358ceb\" data-id=\"a358ceb\" data-element_type=\"column\">\n\t\t\t<div class=\"elementor-widget-wrap elementor-element-populated\">\n\t\t\t\t\t\t<div class=\"elementor-element elementor-element-131671d elementor-widget elementor-widget-image\" data-id=\"131671d\" data-element_type=\"widget\" data-widget_type=\"image.default\">\n\t\t\t\t<div class=\"elementor-widget-container\">\n\t\t\t\t\t\t\t\t\t\t\t\t\t<img loading=\"lazy\" decoding=\"async\" width=\"768\" height=\"768\" src=\"https:\/\/unimactrans.com\/web\/wp-content\/uploads\/2024\/08\/6-1-768x768.png\" class=\"attachment-medium_large size-medium_large wp-image-763\" alt=\"\" srcset=\"https:\/\/unimactrans.com\/web\/wp-content\/uploads\/2024\/08\/6-1-768x768.png 768w, https:\/\/unimactrans.com\/web\/wp-content\/uploads\/2024\/08\/6-1-300x300.png 300w, https:\/\/unimactrans.com\/web\/wp-content\/uploads\/2024\/08\/6-1-150x150.png 150w, https:\/\/unimactrans.com\/web\/wp-content\/uploads\/2024\/08\/6-1.png 1024w\" sizes=\"(max-width: 768px) 100vw, 768px\" \/>\t\t\t\t\t\t\t\t\t\t\t\t\t<\/div>\n\t\t\t\t<\/div>\n\t\t\t\t<div class=\"elementor-element elementor-element-a09af12 elementor-widget elementor-widget-heading\" data-id=\"a09af12\" data-element_type=\"widget\" data-widget_type=\"heading.default\">\n\t\t\t\t<div class=\"elementor-widget-container\">\n\t\t\t<h4 class=\"elementor-heading-title elementor-size-default\"><strong>Monitoramento<\/strong><\/h4>\t\t<\/div>\n\t\t\t\t<\/div>\n\t\t\t\t<div class=\"elementor-element elementor-element-eb2f84e elementor-widget elementor-widget-text-editor\" data-id=\"eb2f84e\" data-element_type=\"widget\" data-widget_type=\"text-editor.default\">\n\t\t\t\t<div class=\"elementor-widget-container\">\n\t\t\t\t\t\t\t<p>Tecnologia avan\u00e7ada para rastreamento e monitoramento em tempo real, proporcionando transpar\u00eancia e controle.<\/p>\t\t\t\t\t\t<\/div>\n\t\t\t\t<\/div>\n\t\t\t\t\t<\/div>\n\t\t<\/div>\n\t\t\t\t<div class=\"elementor-column elementor-col-33 elementor-top-column elementor-element elementor-element-adde3b3\" data-id=\"adde3b3\" data-element_type=\"column\">\n\t\t\t<div class=\"elementor-widget-wrap\">\n\t\t\t\t\t\t\t<\/div>\n\t\t<\/div>\n\t\t\t\t\t<\/div>\n\t\t<\/section>\n\t\t\t\t<\/div>\n\t\t","protected":false},"excerpt":{"rendered":"<p>Nossos Servi\u00e7os Temos como principio fundamental a presta\u00e7\u00e3o de servi\u00e7os de logistica e transportes com a m\u00e1xima seguran\u00e7a e qualidade, desenvolvendo uma postura de comportamento com as suas expectativas atrav\u00e9s da melhoria cont\u00ednua de nossos processos. Buscamos sempre novos desafios, pois acreditamos que esta \u00e9 a forma mais eficaz de se promover e valorizar o [&hellip;]<\/p>\n","protected":false},"author":1,"featured_media":0,"parent":0,"menu_order":0,"comment_status":"closed","ping_status":"closed","template":"","meta":{"footnotes":""},"class_list":["post-73","page","type-page","status-publish","hentry"],"_links":{"self":[{"href":"https:\/\/unimactrans.com\/web\/index.php\/wp-json\/wp\/v2\/pages\/73","targetHints":{"allow":["GET"]}}],"collection":[{"href":"https:\/\/unimactrans.com\/web\/index.php\/wp-json\/wp\/v2\/pages"}],"about":[{"href":"https:\/\/unimactrans.com\/web\/index.php\/wp-json\/wp\/v2\/types\/page"}],"author":[{"embeddable":true,"href":"https:\/\/unimactrans.com\/web\/index.php\/wp-json\/wp\/v2\/users\/1"}],"replies":[{"embeddable":true,"href":"https:\/\/unimactrans.com\/web\/index.php\/wp-json\/wp\/v2\/comments?post=73"}],"version-history":[{"count":109,"href":"https:\/\/unimactrans.com\/web\/index.php\/wp-json\/wp\/v2\/pages\/73\/revisions"}],"predecessor-version":[{"id":810,"href":"https:\/\/unimactrans.com\/web\/index.php\/wp-json\/wp\/v2\/pages\/73\/revisions\/810"}],"wp:attachment":[{"href":"https:\/\/unimactrans.com\/web\/index.php\/wp-json\/wp\/v2\/media?parent=73"}],"curies":[{"name":"wp","href":"https:\/\/api.w.org\/{rel}","templated":true}]}}